{"id":20804,"date":"2025-07-26T15:13:43","date_gmt":"2025-07-26T22:13:43","guid":{"rendered":"https:\/\/satramana.org\/store\/?post_type=product&#038;p=20804"},"modified":"2026-04-05T17:30:55","modified_gmt":"2026-04-06T00:30:55","slug":"thirty-minor-upanisads","status":"publish","type":"product","link":"https:\/\/satramana.org\/store\/shop\/books\/upanishads\/thirty-minor-upanisads\/","title":{"rendered":"Thirty Minor Upanisads"},"content":{"rendered":"<p data-start=\"257\" data-end=\"335\"><strong data-start=\"257\" data-end=\"283\">Thirty Minor Upani\u1e63ads<\/strong><br data-start=\"283\" data-end=\"286\" \/><strong data-start=\"286\" data-end=\"312\">English Translation by<\/strong> K. Narayanasvami Aiyar<\/p>\n<p data-start=\"337\" data-end=\"438\"><strong data-start=\"337\" data-end=\"349\">Edition:<\/strong> 2022 | <strong data-start=\"357\" data-end=\"368\">Format:<\/strong> Hardbound | <strong data-start=\"381\" data-end=\"391\">Pages:<\/strong> xi + 322<br data-start=\"400\" data-end=\"403\" \/><strong data-start=\"403\" data-end=\"417\">Publisher:<\/strong> Parimal Publications<\/p>\n<p>English translation with Sanskrit text of thirty minor Upani\u1e63ads dealing with Vedanta themes.<\/p>\n<p>Included Upani\u1e63ads:<\/p>\n<ol>\n<li data-start=\"42\" data-end=\"61\">\n<p data-start=\"45\" data-end=\"61\">Muktikopani\u1e63ad<\/p>\n<\/li>\n<li data-start=\"62\" data-end=\"85\">\n<p data-start=\"65\" data-end=\"85\">Sarvas\u0101ra Upani\u1e63ad<\/p>\n<\/li>\n<li data-start=\"86\" data-end=\"109\">\n<p data-start=\"89\" data-end=\"109\">Nir\u0101lamba-Upani\u1e63ad<\/p>\n<\/li>\n<li data-start=\"110\" data-end=\"132\">\n<p data-start=\"113\" data-end=\"132\">Maitreya-Upani\u1e63ad<\/p>\n<\/li>\n<li data-start=\"133\" data-end=\"155\">\n<p data-start=\"136\" data-end=\"155\">Kaivalya-Upani\u1e63ad<\/p>\n<\/li>\n<li data-start=\"156\" data-end=\"180\">\n<p data-start=\"159\" data-end=\"180\">Am\u1e5btabindu-Upani\u1e63ad<\/p>\n<\/li>\n<li data-start=\"181\" data-end=\"204\">\n<p data-start=\"184\" data-end=\"204\">\u0100tmabodha-Upani\u1e63ad<\/p>\n<\/li>\n<li data-start=\"205\" data-end=\"225\">\n<p data-start=\"208\" data-end=\"225\">Skanda-Upani\u1e63ad<\/p>\n<\/li>\n<li data-start=\"226\" data-end=\"248\">\n<p data-start=\"229\" data-end=\"248\">Paingala-Upani\u1e63ad<\/p>\n<\/li>\n<li data-start=\"249\" data-end=\"272\">\n<p data-start=\"253\" data-end=\"272\">Adhy\u0101tma-Upani\u1e63ad<\/p>\n<\/li>\n<li data-start=\"273\" data-end=\"294\">\n<p data-start=\"277\" data-end=\"294\">Sub\u0101la-Upani\u1e63ad<\/p>\n<\/li>\n<li data-start=\"295\" data-end=\"319\">\n<p data-start=\"299\" data-end=\"319\">Tejobindu-Upani\u1e63ad<\/p>\n<\/li>\n<li data-start=\"320\" data-end=\"339\">\n<p data-start=\"324\" data-end=\"339\">Brahmopani\u1e63ad<\/p>\n<\/li>\n<li data-start=\"340\" data-end=\"364\">\n<p data-start=\"344\" data-end=\"364\">Vajras\u016bci-Upani\u1e63ad<\/p>\n<\/li>\n<li data-start=\"365\" data-end=\"388\">\n<p data-start=\"369\" data-end=\"388\">\u015a\u0101r\u012braka-Upani\u1e63ad<\/p>\n<\/li>\n<li data-start=\"389\" data-end=\"410\">\n<p data-start=\"393\" data-end=\"410\">Garbha-Upani\u1e63ad<\/p>\n<\/li>\n<li data-start=\"411\" data-end=\"434\">\n<p data-start=\"415\" data-end=\"434\">T\u0101r\u0101s\u0101ra-Upani\u1e63ad<\/p>\n<\/li>\n<li data-start=\"435\" data-end=\"458\">\n<p data-start=\"439\" data-end=\"458\">N\u0101r\u0101ya\u1e47a-Upani\u1e63ad<\/p>\n<\/li>\n<li data-start=\"459\" data-end=\"487\">\n<p data-start=\"463\" data-end=\"487\">Kalisantara\u1e47a-Upani\u1e63ad<\/p>\n<\/li>\n<li data-start=\"488\" data-end=\"511\">\n<p data-start=\"492\" data-end=\"511\">Bhik\u1e63uka-Upani\u1e63ad<\/p>\n<\/li>\n<li data-start=\"512\" data-end=\"545\">\n<p data-start=\"516\" data-end=\"545\">N\u0101rada-parivr\u0101jaka-Upani\u1e63ad<\/p>\n<\/li>\n<li data-start=\"546\" data-end=\"569\">\n<p data-start=\"550\" data-end=\"569\">\u015a\u0101\u1e47\u1e0dilya-Upani\u1e63ad<\/p>\n<\/li>\n<li data-start=\"570\" data-end=\"595\">\n<p data-start=\"574\" data-end=\"595\">Yogatattva-Upani\u1e63ad<\/p>\n<\/li>\n<li data-start=\"596\" data-end=\"622\">\n<p data-start=\"600\" data-end=\"622\">Dhy\u0101nabindu-Upani\u1e63ad<\/p>\n<\/li>\n<li data-start=\"623\" data-end=\"643\">\n<p data-start=\"627\" data-end=\"643\">Ha\u1e41sa-Upani\u1e63ad<\/p>\n<\/li>\n<li data-start=\"644\" data-end=\"668\">\n<p data-start=\"648\" data-end=\"668\">Am\u1e5btan\u0101da-Upani\u1e63ad<\/p>\n<\/li>\n<li data-start=\"669\" data-end=\"690\">\n<p data-start=\"673\" data-end=\"690\">Var\u0101ha-Upani\u1e63ad<\/p>\n<\/li>\n<li data-start=\"691\" data-end=\"721\">\n<p data-start=\"695\" data-end=\"721\">Ma\u1e47\u1e0dalabr\u0101hma\u1e47a-Upani\u1e63ad<\/p>\n<\/li>\n<li data-start=\"722\" data-end=\"746\">\n<p data-start=\"726\" data-end=\"746\">N\u0101dabindu-Upani\u1e63ad<\/p>\n<\/li>\n<li data-start=\"747\" data-end=\"771\" data-is-last-node=\"\">\n<p data-start=\"751\" data-end=\"771\" data-is-last-node=\"\">Yogaku\u1e47\u1e0dal\u012b-Upani\u1e63ad<\/p>\n<\/li>\n<\/ol>\n<p>&nbsp;<\/p>\n","protected":false},"excerpt":{"rendered":"<p>English translation with Sanskrit text of thirty minor Upanisads dealing with Vedanta themes.<\/p>\n","protected":false},"featured_media":20806,"template":"","meta":{"advanced_seo_description":"","jetpack_seo_html_title":"","jetpack_seo_noindex":false},"product_brand":[],"product_cat":[7,52],"product_tag":[],"class_list":{"0":"post-20804","1":"product","2":"type-product","3":"status-publish","4":"has-post-thumbnail","6":"product_cat-books","7":"product_cat-upanishads","8":"post","10":"first","11":"instock","12":"featured","13":"taxable","14":"shipping-taxable","15":"purchasable","16":"product-type-simple"},"jetpack_sharing_enabled":true,"_links":{"self":[{"href":"https:\/\/satramana.org\/store\/wp-json\/wp\/v2\/product\/20804","targetHints":{"allow":["GET"]}}],"collection":[{"href":"https:\/\/satramana.org\/store\/wp-json\/wp\/v2\/product"}],"about":[{"href":"https:\/\/satramana.org\/store\/wp-json\/wp\/v2\/types\/product"}],"wp:featuredmedia":[{"embeddable":true,"href":"https:\/\/satramana.org\/store\/wp-json\/wp\/v2\/media\/20806"}],"wp:attachment":[{"href":"https:\/\/satramana.org\/store\/wp-json\/wp\/v2\/media?parent=20804"}],"wp:term":[{"taxonomy":"product_brand","embeddable":true,"href":"https:\/\/satramana.org\/store\/wp-json\/wp\/v2\/product_brand?post=20804"},{"taxonomy":"product_cat","embeddable":true,"href":"https:\/\/satramana.org\/store\/wp-json\/wp\/v2\/product_cat?post=20804"},{"taxonomy":"product_tag","embeddable":true,"href":"https:\/\/satramana.org\/store\/wp-json\/wp\/v2\/product_tag?post=20804"}],"curies":[{"name":"wp","href":"https:\/\/api.w.org\/{rel}","templated":true}]}}