{"id":20824,"date":"2025-08-10T17:34:06","date_gmt":"2025-08-11T00:34:06","guid":{"rendered":"https:\/\/satramana.org\/store\/?post_type=product&#038;p=20824"},"modified":"2025-08-26T14:02:38","modified_gmt":"2025-08-26T21:02:38","slug":"the-saiva-upanisads","status":"publish","type":"product","link":"https:\/\/satramana.org\/store\/shop\/books\/upanishads\/the-saiva-upanisads\/","title":{"rendered":"The Saiva Upanisads"},"content":{"rendered":"<p data-start=\"67\" data-end=\"243\"><strong data-start=\"67\" data-end=\"90\">The \u015aaiva Upani\u1e63ads<\/strong><br data-start=\"90\" data-end=\"93\" \/><strong data-start=\"93\" data-end=\"172\">Translated into English Based on the Commentary of \u015ar\u012b Upani\u1e63ad Brahmayogin<\/strong><br data-start=\"172\" data-end=\"175\" \/><strong data-start=\"175\" data-end=\"206\">By T. R. Srinivasa Ayyangar<\/strong><br data-start=\"206\" data-end=\"209\" \/><strong data-start=\"209\" data-end=\"241\">Edited by G. Srinivasa Murti<\/strong><\/p>\n<p data-start=\"245\" data-end=\"359\"><strong data-start=\"245\" data-end=\"276\">First Edition, Reprint 2013<\/strong><br data-start=\"276\" data-end=\"279\" \/>Hardcover | Pages: x + 309<br data-start=\"305\" data-end=\"308\" \/><strong data-start=\"308\" data-end=\"325\">Published by:<\/strong> The Theosophical Publishing House<\/p>\n<p data-start=\"361\" data-end=\"548\">This volume presents the English translation of a selection of 15 Upani\u1e63ads associated with Lord \u015aiva.<\/p>\n<p data-start=\"550\" data-end=\"573\"><strong data-start=\"550\" data-end=\"573\">Included Upani\u1e63ads:<\/strong><\/p>\n<ul data-start=\"575\" data-end=\"913\">\n<li data-start=\"575\" data-end=\"596\">\n<p data-start=\"577\" data-end=\"596\">Ak\u1e63am\u0101likopani\u1e63ad<\/p>\n<\/li>\n<li data-start=\"597\" data-end=\"620\">\n<p data-start=\"599\" data-end=\"620\">Atharva\u015bikhopani\u1e63ad<\/p>\n<\/li>\n<li data-start=\"621\" data-end=\"643\">\n<p data-start=\"623\" data-end=\"643\">Atharva\u015biropani\u1e63ad<\/p>\n<\/li>\n<li data-start=\"644\" data-end=\"667\">\n<p data-start=\"646\" data-end=\"667\">K\u0101l\u0101gnirudropani\u1e63ad<\/p>\n<\/li>\n<li data-start=\"668\" data-end=\"687\">\n<p data-start=\"670\" data-end=\"687\">Kaivalyopani\u1e63ad<\/p>\n<\/li>\n<li data-start=\"688\" data-end=\"708\">\n<p data-start=\"690\" data-end=\"708\">Ga\u1e47apatyupani\u1e63ad<\/p>\n<\/li>\n<li data-start=\"709\" data-end=\"727\">\n<p data-start=\"711\" data-end=\"727\">J\u0101b\u0101lyupani\u1e63ad<\/p>\n<\/li>\n<li data-start=\"728\" data-end=\"753\">\n<p data-start=\"730\" data-end=\"753\">Dak\u1e63i\u1e47\u0101m\u016brt\u00adyupani\u1e63ad<\/p>\n<\/li>\n<li data-start=\"754\" data-end=\"776\">\n<p data-start=\"756\" data-end=\"776\">Pa\u00f1cabrahmopani\u1e63ad<\/p>\n<\/li>\n<li data-start=\"777\" data-end=\"799\">\n<p data-start=\"779\" data-end=\"799\">B\u1e5bhajj\u0101b\u0101lopani\u1e63ad<\/p>\n<\/li>\n<li data-start=\"800\" data-end=\"823\">\n<p data-start=\"802\" data-end=\"823\">Bhasmaj\u0101b\u0101lopani\u1e63ad<\/p>\n<\/li>\n<li data-start=\"824\" data-end=\"846\">\n<p data-start=\"826\" data-end=\"846\">Rudrah\u1e5bdayopani\u1e63ad<\/p>\n<\/li>\n<li data-start=\"847\" data-end=\"872\">\n<p data-start=\"849\" data-end=\"872\">Rudr\u0101k\u1e63aj\u0101b\u0101lopani\u1e63ad<\/p>\n<\/li>\n<li data-start=\"873\" data-end=\"891\">\n<p data-start=\"875\" data-end=\"891\">\u015aarabhopani\u1e63ad<\/p>\n<\/li>\n<li data-start=\"892\" data-end=\"913\">\n<p data-start=\"894\" data-end=\"913\">\u015avet\u0101\u015bvataropani\u1e63ad<\/p>\n<\/li>\n<\/ul>\n","protected":false},"excerpt":{"rendered":"<p>English translation of a selection of 15 Upanisads connected with Lord Siva.<\/p>\n","protected":false},"featured_media":20825,"template":"","meta":{"advanced_seo_description":"","jetpack_seo_html_title":"","jetpack_seo_noindex":false},"product_brand":[],"product_cat":[52],"product_tag":[],"class_list":{"0":"post-20824","1":"product","2":"type-product","3":"status-publish","4":"has-post-thumbnail","6":"product_cat-upanishads","7":"post","9":"first","10":"instock","11":"featured","12":"taxable","13":"shipping-taxable","14":"purchasable","15":"product-type-simple"},"jetpack_sharing_enabled":true,"_links":{"self":[{"href":"https:\/\/satramana.org\/store\/wp-json\/wp\/v2\/product\/20824","targetHints":{"allow":["GET"]}}],"collection":[{"href":"https:\/\/satramana.org\/store\/wp-json\/wp\/v2\/product"}],"about":[{"href":"https:\/\/satramana.org\/store\/wp-json\/wp\/v2\/types\/product"}],"wp:featuredmedia":[{"embeddable":true,"href":"https:\/\/satramana.org\/store\/wp-json\/wp\/v2\/media\/20825"}],"wp:attachment":[{"href":"https:\/\/satramana.org\/store\/wp-json\/wp\/v2\/media?parent=20824"}],"wp:term":[{"taxonomy":"product_brand","embeddable":true,"href":"https:\/\/satramana.org\/store\/wp-json\/wp\/v2\/product_brand?post=20824"},{"taxonomy":"product_cat","embeddable":true,"href":"https:\/\/satramana.org\/store\/wp-json\/wp\/v2\/product_cat?post=20824"},{"taxonomy":"product_tag","embeddable":true,"href":"https:\/\/satramana.org\/store\/wp-json\/wp\/v2\/product_tag?post=20824"}],"curies":[{"name":"wp","href":"https:\/\/api.w.org\/{rel}","templated":true}]}}