{"id":3418,"date":"2018-05-12T23:59:55","date_gmt":"2018-05-13T06:59:55","guid":{"rendered":"https:\/\/satramana.org\/store\/?post_type=product&#038;p=3418"},"modified":"2024-04-27T21:15:54","modified_gmt":"2024-04-28T04:15:54","slug":"hiranyabahu-the-golden-hand-bhagavan-sri-ramana-maharshis-sanskrit-handwritings-with-sypnosis-in-english","status":"publish","type":"product","link":"https:\/\/satramana.org\/store\/shop\/books\/sri-ramana-maharshi\/hiranyabahu-the-golden-hand-bhagavan-sri-ramana-maharshis-sanskrit-handwritings-with-sypnosis-in-english\/","title":{"rendered":"Hiranyabahu (The Golden Hand): Bhagavan Sri Ramana Maharshi&#8217;s Sanskrit Handwritings with Sypnosis in English"},"content":{"rendered":"<p>Compilation of Sanskrit texts written by Bhagavan in his own handwriting. English translation is not present except for the text\u00a0<em>Arunachala Pancaratna Vartikam<\/em> (Commentary on Arunachala Pancharatran)<\/p>\n<p>This compilation is divided into two parts. Part one contains mainly the the Glory of Aru\u1e47\u0101cala from ancient pur\u0101\u1e47as such as Skanda &#8211; Mah\u0101 Pur\u0101\u1e47am and the Upa-Pur\u0101\u1e47am, \u015aiva Mah\u0101 Pur\u0101\u1e47am, \u015aiva Bhakta Vil\u0101sam etc. Part two contains Bhagav\u0101n\u2019s and others\u2019 Sanskrit compositions apart from many collection of His handwriting.<\/p>\n<p>The book contains many gems like<em> Arunachala Pancaratna Vartikam<\/em> (Commentary on Arunachala Pancharatran) of Lakshmana Sarma with Bhagavan&#8217;s\u00a0 addition to make it into 108 verses. For this text, the English and Tamil equivalents in Bhagavan&#8217;s handwriting are also presented. Texts like <em>Siva Jnana Bodham<\/em>, selections from <em>Yoga Vasishta<\/em> are also present.<\/p>\n<p>First Edition, 2018, Paperback, Pages xii + 673<\/p>\n","protected":false},"excerpt":{"rendered":"<p>Compilation of Sanskrit texts written by Bhagavan in his own handwriting. English translation is not present except for the text\u00a0<em>Arunachala Pancaratna Vartikam<\/em> (Commentary on Arunachala Pancharatran)<\/p>\n","protected":false},"featured_media":3421,"template":"","meta":{"advanced_seo_description":"","jetpack_seo_html_title":"","jetpack_seo_noindex":false},"product_brand":[],"product_cat":[7,51],"product_tag":[],"class_list":{"0":"post-3418","1":"product","2":"type-product","3":"status-publish","4":"has-post-thumbnail","6":"product_cat-books","7":"product_cat-sri-ramana-maharshi","8":"post","10":"first","11":"instock","12":"taxable","13":"shipping-taxable","14":"purchasable","15":"product-type-simple"},"jetpack_sharing_enabled":true,"_links":{"self":[{"href":"https:\/\/satramana.org\/store\/wp-json\/wp\/v2\/product\/3418","targetHints":{"allow":["GET"]}}],"collection":[{"href":"https:\/\/satramana.org\/store\/wp-json\/wp\/v2\/product"}],"about":[{"href":"https:\/\/satramana.org\/store\/wp-json\/wp\/v2\/types\/product"}],"wp:featuredmedia":[{"embeddable":true,"href":"https:\/\/satramana.org\/store\/wp-json\/wp\/v2\/media\/3421"}],"wp:attachment":[{"href":"https:\/\/satramana.org\/store\/wp-json\/wp\/v2\/media?parent=3418"}],"wp:term":[{"taxonomy":"product_brand","embeddable":true,"href":"https:\/\/satramana.org\/store\/wp-json\/wp\/v2\/product_brand?post=3418"},{"taxonomy":"product_cat","embeddable":true,"href":"https:\/\/satramana.org\/store\/wp-json\/wp\/v2\/product_cat?post=3418"},{"taxonomy":"product_tag","embeddable":true,"href":"https:\/\/satramana.org\/store\/wp-json\/wp\/v2\/product_tag?post=3418"}],"curies":[{"name":"wp","href":"https:\/\/api.w.org\/{rel}","templated":true}]}}